{"id":16820,"date":"2023-03-16T15:09:21","date_gmt":"2023-03-16T15:09:21","guid":{"rendered":"http:\/\/www.coffrage4saisons.com\/?page_id=16820"},"modified":"2025-01-27T20:29:59","modified_gmt":"2025-01-27T20:29:59","slug":"home","status":"publish","type":"page","link":"https:\/\/www.coffrage4saisons.com\/en\/","title":{"rendered":"Home"},"content":{"rendered":"<div class=\"wpb-content-wrapper\"><p>[vc_row css=&#8221;.vc_custom_1646321316705{margin-bottom: 0px !important;}&#8221;][vc_column]\n\t\t\t<!-- START Nouvelle accueil REVOLUTION SLIDER 6.7.12 --><p class=\"rs-p-wp-fix\"><\/p>\n\t\t\t<rs-module-wrap id=\"rev_slider_3_1_wrapper\" data-source=\"gallery\" style=\"visibility:hidden;background:transparent;padding:0;\">\n\t\t\t\t<rs-module id=\"rev_slider_3_1\" style=\"\" data-version=\"6.7.12\">\n\t\t\t\t\t<rs-slides style=\"overflow: hidden; position: absolute;\">\n\t\t\t\t\t\t<rs-slide style=\"position: absolute;\" data-key=\"rs-16\" data-title=\"Slide\" data-thumb=\"\/\/www.coffrage4saisons.com\/wp-content\/uploads\/2023\/02\/coffrage-4-saisons-1-100x50.jpg\" data-duration=\"6510\" data-in=\"o:0;\" data-out=\"a:false;\">\n\t\t\t\t\t\t\t<img src=\"\/\/www.coffrage4saisons.com\/wp-content\/uploads\/2023\/02\/coffrage-4-saisons-1.jpg\" alt=\"\" title=\"default\" width=\"1894\" height=\"979\" class=\"rev-slidebg tp-rs-img\" data-no-retina>\n<!---->\t\t\t\t\t<\/rs-slide>\n\t\t\t\t\t\t<rs-slide style=\"position: absolute;\" data-key=\"rs-23\" data-title=\"Slide\" data-thumb=\"\/\/www.coffrage4saisons.com\/wp-content\/uploads\/2019\/09\/Coffrage-4-saisons2-100x50.jpg\" data-duration=\"6510\" data-in=\"o:0;\" data-out=\"a:false;\">\n\t\t\t\t\t\t\t<img src=\"\/\/www.coffrage4saisons.com\/wp-content\/uploads\/2019\/09\/Coffrage-4-saisons2.jpg\" alt=\"\" title=\"Coffrage-4-saisons2\" width=\"1500\" height=\"1125\" class=\"rev-slidebg tp-rs-img\" data-no-retina>\n<!---->\t\t\t\t\t<\/rs-slide>\n\t\t\t\t\t\t<rs-slide style=\"position: absolute;\" data-key=\"rs-24\" data-title=\"Slide\" data-thumb=\"\/\/www.coffrage4saisons.com\/wp-content\/uploads\/2023\/02\/coffrage-4-saisons-1-1-100x50.jpg\" data-duration=\"6510\" data-in=\"o:0;\" data-out=\"a:false;\">\n\t\t\t\t\t\t\t<img src=\"\/\/www.coffrage4saisons.com\/wp-content\/uploads\/2023\/02\/coffrage-4-saisons-1-1.jpg\" alt=\"\" title=\"coffrage-4-saisons-1\" width=\"1894\" height=\"979\" class=\"rev-slidebg tp-rs-img\" data-no-retina>\n<!---->\t\t\t\t\t<\/rs-slide>\n\t\t\t\t\t\t<rs-slide style=\"position: absolute;\" data-key=\"rs-25\" data-title=\"Slide\" data-thumb=\"\/\/www.coffrage4saisons.com\/wp-content\/uploads\/2017\/02\/fondations-4-saisons-coffrage-2-100x50.jpg\" data-duration=\"6510\" data-in=\"o:0;\" data-out=\"a:false;\">\n\t\t\t\t\t\t\t<img src=\"\/\/www.coffrage4saisons.com\/wp-content\/uploads\/2017\/02\/fondations-4-saisons-coffrage-2.jpg\" alt=\"Fondations 4 saisons - Coffrage r\u00e9sidentiel et commercial\" title=\"Fondations 4 saisons &#8211; Coffrage r\u00e9sidentiel et commercial\" width=\"1500\" height=\"1120\" class=\"rev-slidebg tp-rs-img\" data-no-retina>\n<!---->\t\t\t\t\t<\/rs-slide>\n\t\t\t\t\t\t<rs-slide style=\"position: absolute;\" data-key=\"rs-26\" data-title=\"Slide\" data-thumb=\"\/\/www.coffrage4saisons.com\/wp-content\/uploads\/2019\/09\/banner3-100x50.jpg\" data-duration=\"6510\" data-in=\"o:0;\" data-out=\"a:false;\">\n\t\t\t\t\t\t\t<img src=\"\/\/www.coffrage4saisons.com\/wp-content\/uploads\/2019\/09\/banner3.jpg\" alt=\"\" title=\"banner3\" width=\"1894\" height=\"979\" class=\"rev-slidebg tp-rs-img\" data-no-retina>\n<!---->\t\t\t\t\t<\/rs-slide>\n\t\t\t\t\t<\/rs-slides>\n\t\t\t\t<\/rs-module>\n\t\t\t\t<script>\n\t\t\t\t\tsetREVStartSize({c: 'rev_slider_3_1',rl:[1240,1024,778,480],el:[655,655,655,720],gw:[1240,1024,778,480],gh:[655,655,655,720],type:'standard',justify:'',layout:'fullscreen',offsetContainer:'',offset:'142px',mh:\"0\"});if (window.RS_MODULES!==undefined && window.RS_MODULES.modules!==undefined && window.RS_MODULES.modules[\"revslider31\"]!==undefined) {window.RS_MODULES.modules[\"revslider31\"].once = false;window.revapi3 = undefined;if (window.RS_MODULES.checkMinimal!==undefined) window.RS_MODULES.checkMinimal()}\n\t\t\t\t<\/script>\n\t\t\t<\/rs-module-wrap>\n\t\t\t<!-- END REVOLUTION SLIDER -->\n[\/vc_column][\/vc_row][vc_row css=&#8221;.vc_custom_1511178027038{margin-bottom: 0px !important;}&#8221;][vc_column]<div class=\"clearboth\"><\/div><style>#thegem-divider-69fc8e03623b6 {margin-top: 30px !important;}<\/style><div id=\"thegem-divider-69fc8e03623b6\" class=\"gem-divider  \" style=\"\" ><\/div>[\/vc_column][\/vc_row][vc_row css=&#8221;.vc_custom_1511178027038{margin-bottom: 0px !important;}&#8221;][vc_column width=&#8221;1\/3&#8243;][vc_column_text css=&#8221;.vc_custom_1678979379530{margin-top: -7px !important;}&#8221; css_animation=&#8221;right-to-left&#8221;]<\/p>\n<div class=\"title-h2\" style=\"text-align: left; margin-bottom: 25px;\">EXPERIENCE<\/div>\n<div style=\"width: 55px; height: 3px; background: #E5692D; text-indent: 9999px;\">1<\/div>\n<p>[\/vc_column_text][vc_column_text css=&#8221;.vc_custom_1738009747432{margin-top: 40px !important;}&#8221; css_animation=&#8221;right-to-left&#8221;]<\/p>\n<p style=\"text-align: justify;\">Extremely proud of their 50+ years of experience, Coffrage 4 Saisons has been operating ever since 1973 in the field of concrete formwork. Having successfully accomplished more than 14 000 projects, the company is now a true leader in the industry.<\/p>\n<p style=\"text-align: justify;\">Whatever project in mind, small or major, we can assure to satisfy your needs for residential, commercial as well as industrial formwork.<\/p>\n<p>[\/vc_column_text][\/vc_column][vc_column width=&#8221;1\/3&#8243;][vc_single_image image=&#8221;16615&#8243; img_size=&#8221;medium&#8221; onclick=&#8221;custom_link&#8221; img_link_target=&#8221;_blank&#8221; css=&#8221;&#8221; link=&#8221;http:\/\/coffrage4saisons.com\/&#8221;][vc_column_text]<strong>Associated with the company :<\/strong>[\/vc_column_text][vc_single_image image=&#8221;16588&#8243; img_size=&#8221;250&#215;62&#8243; onclick=&#8221;custom_link&#8221; img_link_target=&#8221;_blank&#8221; link=&#8221;https:\/\/www.batiments4saisons.com\/&#8221;][\/vc_column][vc_column width=&#8221;1\/3&#8243;][vc_column_text css=&#8221;.vc_custom_1678979464069{margin-top: -7px !important;}&#8221; css_animation=&#8221;right-to-left&#8221;]<\/p>\n<div class=\"title-h2\" style=\"text-align: left; margin-bottom: 25px;\">QUALITY ET EFFICIENCY<\/div>\n<div style=\"width: 55px; height: 3px; background: #E5692D; text-indent: 9999px;\">1<\/div>\n<p>[\/vc_column_text][vc_column_text css=&#8221;&#8221;]<\/p>\n<p style=\"text-align: justify;\">Coffrage 4 Saisons has grown over the years because of the quality of its service. We are convinced to be offering the best value for money there is as a result of the excellence of our employees combined with the rigour of our management.<\/p>\n<p style=\"text-align: justify;\">Our operating range is Mont\u00e9r\u00e9gie area and Greater Montr\u00e9al.<\/p>\n<p>[\/vc_column_text][\/vc_column][\/vc_row][vc_row css=&#8221;.vc_custom_1511178027038{margin-bottom: 0px !important;}&#8221;][vc_column]<div class=\"clearboth\"><\/div><style>#thegem-divider-69fc8e036240d {margin-top: 30px !important;}<\/style><div id=\"thegem-divider-69fc8e036240d\" class=\"gem-divider  \" style=\"\" ><\/div>[\/vc_column][\/vc_row][vc_row full_width=&#8221;stretch_row&#8221; css=&#8221;.vc_custom_1551446613037{margin-bottom: 0px !important;background-position: center !important;background-repeat: no-repeat !important;background-size: cover !important;}&#8221;][vc_column]<div id=\"fullwidth-block-69fc8e0362f4f\" class=\"fullwidth-block fullwidth-block-parallax-vertical clearfix\" data-mobile-parallax-enable=\"1\" style=\"\"><script type=\"text\/javascript\">if (typeof(gem_fix_fullwidth_position) == \"function\") { gem_fix_fullwidth_position(document.getElementById(\"fullwidth-block-69fc8e0362f4f\")); }<\/script><div class=\"fullwidth-block-background\" style=\"background-image: url(https:\/\/www.coffrage4saisons.com\/wp-content\/uploads\/2017\/02\/fondations-4-saisons-coffrage-17.jpg);background-position: center top;\"><\/div><div class=\"fullwidth-block-parallax-overlay\" style=\"background-color: rgba(53,45,40,0.31);\"><\/div><div class=\"fullwidth-block-inner\"><div class=\"clearboth\"><\/div><style>#thegem-divider-69fc8e0363098 {margin-top: 125px !important;}<\/style><div id=\"thegem-divider-69fc8e0363098\" class=\"gem-divider  \" style=\"\" ><\/div>[vc_column_text css=&#8221;.vc_custom_1678979644685{margin-bottom: 5px !important;}&#8221;]<\/p>\n<div class=\"title-h2\" style=\"text-align: center; color: #fff;\"><span class=\"light\">DO YOU HAVE A<\/span><\/div>\n<p>[\/vc_column_text][vc_column_text css=&#8221;.vc_custom_1678979502096{margin-bottom: 10px !important;}&#8221;]<\/p>\n<div class=\"title-h1\" style=\"text-align: center;\"><span style=\"color: #e5692d;\">FORMWORK PROJECT<\/span><\/div>\n<p>[\/vc_column_text][vc_column_text css=&#8221;.vc_custom_1678979657740{margin-bottom: 35px !important;}&#8221;]<\/p>\n<div class=\"title-h2\" style=\"text-align: center; color: #fff;\"><span class=\"light\">WE CAN HELP YOU<\/span><\/div>\n<p>[\/vc_column_text]<style type=\"text\/css\">.thegem-button-69fc8e036322c7639 .gem-button svg {fill: #ffffff;}.thegem-button-69fc8e036322c7639 .gem-button:hover svg {fill: #ffffff;}<\/style><div class=\"gem-button-container gem-button-position-center thegem-button-69fc8e036322c7639    \"  ><a title=\"Contact\" class=\"gem-button gem-button-size-small gem-button-style-outline gem-button-text-weight-normal gem-button-border-2\" data-ll-effect=\"drop-right-without-wrap\" style=\"border-radius: 3px;border-color: #e5692d;background: linear-gradient(to bottom, #e5692d, #e5692d);color: #ffffff;\" onmouseleave=\"this.style.borderColor='#e5692d';this.style.backgroundColor='transparent';this.style.color='#ffffff';this.style.background='linear-gradient(to bottom , #e5692d , #e5692d)';\" onmouseenter=\"this.style.borderColor='#000000';this.style.backgroundColor='#000000';this.style.color='#ffffff';this.style.background='linear-gradient(to bottom , #000000 , #000000)';\" href=\"https:\/\/www.coffrage4saisons.com\/contact-coffrage-4-saisons\/\" target=\"_self\">WRITE TO US<\/a><\/div> <div class=\"clearboth\"><\/div><style>#thegem-divider-69fc8e03632be {margin-top: 100px !important;}<\/style><div id=\"thegem-divider-69fc8e03632be\" class=\"gem-divider  \" style=\"\" ><\/div><\/div><\/div>[\/vc_column][\/vc_row]<\/p>\n<\/div>","protected":false},"excerpt":{"rendered":"<p>[vc_row css=&#8221;.vc_custom_1646321316705{margin-bottom: 0px !important;}&#8221;][vc_column][\/vc_column][\/vc_row][vc_row css=&#8221;.vc_custom_1511178027038{margin-bottom: 0px !important;}&#8221;][vc_column][\/vc_column][\/vc_row][vc_row css=&#8221;.vc_custom_1511178027038{margin-bottom: 0px !important;}&#8221;][vc_column width=&#8221;1\/3&#8243;][vc_column_text css=&#8221;.vc_custom_1678979379530{margin-top: -7px !important;}&#8221; css_animation=&#8221;right-to-left&#8221;] EXPERIENCE 1 [\/vc_column_text][vc_column_text css=&#8221;.vc_custom_1738009747432{margin-top: 40px&#8230;<\/p>\n","protected":false},"author":1,"featured_media":0,"parent":0,"menu_order":0,"comment_status":"closed","ping_status":"closed","template":"","meta":{"footnotes":""},"class_list":["post-16820","page","type-page","status-publish"],"yoast_head":"<!-- This site is optimized with the Yoast SEO plugin v27.3 - https:\/\/yoast.com\/product\/yoast-seo-wordpress\/ -->\n<title>Coffrage 4 saisons inc. - Residential and Commercial Formwork<\/title>\n<meta name=\"description\" content=\"Coffrage 4 saisons inc. - Residential and Commercial Formwork\" \/>\n<meta name=\"robots\" content=\"index, follow, max-snippet:-1, max-image-preview:large, max-video-preview:-1\" \/>\n<link rel=\"canonical\" href=\"https:\/\/www.coffrage4saisons.com\/en\/\" \/>\n<meta property=\"og:locale\" content=\"en_US\" \/>\n<meta property=\"og:type\" content=\"article\" \/>\n<meta property=\"og:title\" content=\"Coffrage 4 saisons inc. - Residential and Commercial Formwork\" \/>\n<meta property=\"og:description\" content=\"Coffrage 4 saisons inc. - Residential and Commercial Formwork\" \/>\n<meta property=\"og:url\" content=\"https:\/\/www.coffrage4saisons.com\/en\/\" \/>\n<meta property=\"og:site_name\" content=\"Coffrage 4 saisons inc.\" \/>\n<meta property=\"article:publisher\" content=\"https:\/\/www.facebook.com\/Fondationsquatressaisons\/\" \/>\n<meta property=\"article:modified_time\" content=\"2025-01-27T20:29:59+00:00\" \/>\n<meta name=\"twitter:card\" content=\"summary_large_image\" \/>\n<meta name=\"twitter:label1\" content=\"Est. reading time\" \/>\n\t<meta name=\"twitter:data1\" content=\"2 minutes\" \/>\n<script type=\"application\/ld+json\" class=\"yoast-schema-graph\">{\"@context\":\"https:\\\/\\\/schema.org\",\"@graph\":[{\"@type\":\"WebPage\",\"@id\":\"https:\\\/\\\/www.coffrage4saisons.com\\\/en\\\/\",\"url\":\"https:\\\/\\\/www.coffrage4saisons.com\\\/en\\\/\",\"name\":\"Coffrage 4 saisons inc. - Residential and Commercial Formwork\",\"isPartOf\":{\"@id\":\"https:\\\/\\\/www.coffrage4saisons.com\\\/#website\"},\"datePublished\":\"2023-03-16T15:09:21+00:00\",\"dateModified\":\"2025-01-27T20:29:59+00:00\",\"description\":\"Coffrage 4 saisons inc. - Residential and Commercial Formwork\",\"breadcrumb\":{\"@id\":\"https:\\\/\\\/www.coffrage4saisons.com\\\/en\\\/#breadcrumb\"},\"inLanguage\":\"en-US\",\"potentialAction\":[{\"@type\":\"ReadAction\",\"target\":[\"https:\\\/\\\/www.coffrage4saisons.com\\\/en\\\/\"]}]},{\"@type\":\"BreadcrumbList\",\"@id\":\"https:\\\/\\\/www.coffrage4saisons.com\\\/en\\\/#breadcrumb\",\"itemListElement\":[{\"@type\":\"ListItem\",\"position\":1,\"name\":\"Accueil\",\"item\":\"https:\\\/\\\/www.coffrage4saisons.com\\\/en\\\/\"},{\"@type\":\"ListItem\",\"position\":2,\"name\":\"Home\"}]},{\"@type\":\"WebSite\",\"@id\":\"https:\\\/\\\/www.coffrage4saisons.com\\\/#website\",\"url\":\"https:\\\/\\\/www.coffrage4saisons.com\\\/\",\"name\":\"Coffrage 4 saisons inc.\",\"description\":\"Entreprise coffrage Rive-Sud\",\"publisher\":{\"@id\":\"https:\\\/\\\/www.coffrage4saisons.com\\\/#organization\"},\"potentialAction\":[{\"@type\":\"SearchAction\",\"target\":{\"@type\":\"EntryPoint\",\"urlTemplate\":\"https:\\\/\\\/www.coffrage4saisons.com\\\/?s={search_term_string}\"},\"query-input\":{\"@type\":\"PropertyValueSpecification\",\"valueRequired\":true,\"valueName\":\"search_term_string\"}}],\"inLanguage\":\"en-US\"},{\"@type\":\"Organization\",\"@id\":\"https:\\\/\\\/www.coffrage4saisons.com\\\/#organization\",\"name\":\"Fondations Quatre Saisons inc.\",\"url\":\"https:\\\/\\\/www.coffrage4saisons.com\\\/\",\"logo\":{\"@type\":\"ImageObject\",\"inLanguage\":\"en-US\",\"@id\":\"https:\\\/\\\/www.coffrage4saisons.com\\\/#\\\/schema\\\/logo\\\/image\\\/\",\"url\":\"http:\\\/\\\/www.coffrage4saisons.com\\\/wp-content\\\/uploads\\\/2017\\\/02\\\/logo.gif\",\"contentUrl\":\"http:\\\/\\\/www.coffrage4saisons.com\\\/wp-content\\\/uploads\\\/2017\\\/02\\\/logo.gif\",\"width\":345,\"height\":104,\"caption\":\"Fondations Quatre Saisons inc.\"},\"image\":{\"@id\":\"https:\\\/\\\/www.coffrage4saisons.com\\\/#\\\/schema\\\/logo\\\/image\\\/\"},\"sameAs\":[\"https:\\\/\\\/www.facebook.com\\\/Fondationsquatressaisons\\\/\"]}]}<\/script>\n<!-- \/ Yoast SEO plugin. -->","yoast_head_json":{"title":"Coffrage 4 saisons inc. - Residential and Commercial Formwork","description":"Coffrage 4 saisons inc. - Residential and Commercial Formwork","robots":{"index":"index","follow":"follow","max-snippet":"max-snippet:-1","max-image-preview":"max-image-preview:large","max-video-preview":"max-video-preview:-1"},"canonical":"https:\/\/www.coffrage4saisons.com\/en\/","og_locale":"en_US","og_type":"article","og_title":"Coffrage 4 saisons inc. - Residential and Commercial Formwork","og_description":"Coffrage 4 saisons inc. - Residential and Commercial Formwork","og_url":"https:\/\/www.coffrage4saisons.com\/en\/","og_site_name":"Coffrage 4 saisons inc.","article_publisher":"https:\/\/www.facebook.com\/Fondationsquatressaisons\/","article_modified_time":"2025-01-27T20:29:59+00:00","twitter_card":"summary_large_image","twitter_misc":{"Est. reading time":"2 minutes"},"schema":{"@context":"https:\/\/schema.org","@graph":[{"@type":"WebPage","@id":"https:\/\/www.coffrage4saisons.com\/en\/","url":"https:\/\/www.coffrage4saisons.com\/en\/","name":"Coffrage 4 saisons inc. - Residential and Commercial Formwork","isPartOf":{"@id":"https:\/\/www.coffrage4saisons.com\/#website"},"datePublished":"2023-03-16T15:09:21+00:00","dateModified":"2025-01-27T20:29:59+00:00","description":"Coffrage 4 saisons inc. - Residential and Commercial Formwork","breadcrumb":{"@id":"https:\/\/www.coffrage4saisons.com\/en\/#breadcrumb"},"inLanguage":"en-US","potentialAction":[{"@type":"ReadAction","target":["https:\/\/www.coffrage4saisons.com\/en\/"]}]},{"@type":"BreadcrumbList","@id":"https:\/\/www.coffrage4saisons.com\/en\/#breadcrumb","itemListElement":[{"@type":"ListItem","position":1,"name":"Accueil","item":"https:\/\/www.coffrage4saisons.com\/en\/"},{"@type":"ListItem","position":2,"name":"Home"}]},{"@type":"WebSite","@id":"https:\/\/www.coffrage4saisons.com\/#website","url":"https:\/\/www.coffrage4saisons.com\/","name":"Coffrage 4 saisons inc.","description":"Entreprise coffrage Rive-Sud","publisher":{"@id":"https:\/\/www.coffrage4saisons.com\/#organization"},"potentialAction":[{"@type":"SearchAction","target":{"@type":"EntryPoint","urlTemplate":"https:\/\/www.coffrage4saisons.com\/?s={search_term_string}"},"query-input":{"@type":"PropertyValueSpecification","valueRequired":true,"valueName":"search_term_string"}}],"inLanguage":"en-US"},{"@type":"Organization","@id":"https:\/\/www.coffrage4saisons.com\/#organization","name":"Fondations Quatre Saisons inc.","url":"https:\/\/www.coffrage4saisons.com\/","logo":{"@type":"ImageObject","inLanguage":"en-US","@id":"https:\/\/www.coffrage4saisons.com\/#\/schema\/logo\/image\/","url":"http:\/\/www.coffrage4saisons.com\/wp-content\/uploads\/2017\/02\/logo.gif","contentUrl":"http:\/\/www.coffrage4saisons.com\/wp-content\/uploads\/2017\/02\/logo.gif","width":345,"height":104,"caption":"Fondations Quatre Saisons inc."},"image":{"@id":"https:\/\/www.coffrage4saisons.com\/#\/schema\/logo\/image\/"},"sameAs":["https:\/\/www.facebook.com\/Fondationsquatressaisons\/"]}]}},"_links":{"self":[{"href":"https:\/\/www.coffrage4saisons.com\/en\/wp-json\/wp\/v2\/pages\/16820","targetHints":{"allow":["GET"]}}],"collection":[{"href":"https:\/\/www.coffrage4saisons.com\/en\/wp-json\/wp\/v2\/pages"}],"about":[{"href":"https:\/\/www.coffrage4saisons.com\/en\/wp-json\/wp\/v2\/types\/page"}],"author":[{"embeddable":true,"href":"https:\/\/www.coffrage4saisons.com\/en\/wp-json\/wp\/v2\/users\/1"}],"replies":[{"embeddable":true,"href":"https:\/\/www.coffrage4saisons.com\/en\/wp-json\/wp\/v2\/comments?post=16820"}],"version-history":[{"count":9,"href":"https:\/\/www.coffrage4saisons.com\/en\/wp-json\/wp\/v2\/pages\/16820\/revisions"}],"predecessor-version":[{"id":17181,"href":"https:\/\/www.coffrage4saisons.com\/en\/wp-json\/wp\/v2\/pages\/16820\/revisions\/17181"}],"wp:attachment":[{"href":"https:\/\/www.coffrage4saisons.com\/en\/wp-json\/wp\/v2\/media?parent=16820"}],"curies":[{"name":"wp","href":"https:\/\/api.w.org\/{rel}","templated":true}]}}